{"id":27,"date":"2014-08-08T08:33:11","date_gmt":"2014-08-08T06:33:11","guid":{"rendered":"http:\/\/www.bkvleverkusen.de\/sport\/?page_id=27"},"modified":"2025-05-05T16:25:23","modified_gmt":"2025-05-05T14:25:23","slug":"impressum","status":"publish","type":"page","link":"https:\/\/www.bkvleverkusen.de\/sport\/kontakt\/impressum\/","title":{"rendered":"Impressum"},"content":{"rendered":"<p>Der BKV Leverkusen ist beim Amtsgericht Leverkusen eingetragen,<br \/>\nVereinsregister Nr.: 12 VR 1172<\/p>\n<p><strong><span style=\"font-size: medium;\">Kontaktdaten des Vorstand des BKV Leverkusen e.V<br \/>\n<\/span><\/strong><\/p>\n<table style=\"width: 418px; height: 1445px;\" border=\"0\" cellspacing=\"0\" cellpadding=\"0\">\n<tbody>\n<tr>\n<td style=\"vertical-align: top;\">\n<p align=\"center\"><img loading=\"lazy\" decoding=\"async\" class=\"alignnone wp-image-355\" src=\"https:\/\/www.bkvleverkusen.de\/sport\/wp-content\/uploads\/V0RSTA1-375x500.jpg\" alt=\"\" width=\"112\" height=\"149\" srcset=\"https:\/\/www.bkvleverkusen.de\/sport\/wp-content\/uploads\/V0RSTA1-375x500.jpg 375w, https:\/\/www.bkvleverkusen.de\/sport\/wp-content\/uploads\/V0RSTA1-768x1024.jpg 768w, https:\/\/www.bkvleverkusen.de\/sport\/wp-content\/uploads\/V0RSTA1-624x832.jpg 624w, https:\/\/www.bkvleverkusen.de\/sport\/wp-content\/uploads\/V0RSTA1.jpg 960w\" sizes=\"auto, (max-width: 112px) 100vw, 112px\" \/><\/p>\n<\/td>\n<td style=\"vertical-align: top;\"><\/td>\n<td style=\"vertical-align: top;\"><\/td>\n<td style=\"vertical-align: top;\"><span style=\"font-weight: bold;\">1.Vorsitzender des BKV Leverkusen &#8211; Berg e.V.:<br \/>\n<\/span>G\u00fcnter M\u00fcller<br \/>\nOberselbach 6<br \/>\n51429 Bergisch Gladbach<br \/>\n<span style=\"font-weight: bold;\">Tel.:<\/span>\u00a00151 \/ 42 30 1872<br \/>\nE-Mail:<a href=\"mailto:Guenter.Mueller.Oberselbach@t-online.de\">Guenter.Mueller.Oberselbach@t-online.de<\/a><\/td>\n<\/tr>\n<tr>\n<td><\/td>\n<td style=\"vertical-align: top;\"><\/td>\n<td><\/td>\n<td><\/td>\n<\/tr>\n<tr>\n<td style=\"vertical-align: top;\">\n<p align=\"center\"><img loading=\"lazy\" decoding=\"async\" class=\"alignnone size-full wp-image-1872\" src=\"https:\/\/www.bkvleverkusen.de\/sport\/wp-content\/uploads\/bild_folgt-1.jpg\" alt=\"\" width=\"100\" height=\"130\" \/><\/p>\n<\/td>\n<td style=\"vertical-align: top;\"><\/td>\n<td style=\"vertical-align: top;\"><\/td>\n<td style=\"vertical-align: top;\"><span style=\"font-weight: bold;\">Gesch\u00e4ftsf\u00fchrer:<br \/>\n<\/span>&#8212;&#8212;-<br \/>\n&#8212;&#8211;<br \/>\n&#8212;&#8212;<br \/>\n<span style=\"font-weight: bold;\">Tel.:<\/span><br \/>\n<span style=\"font-weight: bold;\">Tel.:<\/span><br \/>\nE-Mail:<\/td>\n<\/tr>\n<tr>\n<td><\/td>\n<td style=\"vertical-align: top;\"><\/td>\n<td><\/td>\n<td><\/td>\n<\/tr>\n<tr>\n<td style=\"vertical-align: top;\">\n<p align=\"center\"><img loading=\"lazy\" decoding=\"async\" class=\"alignnone wp-image-352\" src=\"https:\/\/www.bkvleverkusen.de\/sport\/wp-content\/uploads\/bild_folgt.jpg\" alt=\"\" width=\"113\" height=\"147\" \/><\/p>\n<\/td>\n<td style=\"vertical-align: top;\"><\/td>\n<td style=\"vertical-align: top;\"><\/td>\n<td style=\"vertical-align: top;\"><span style=\"font-weight: bold;\">Kassierer:<\/span><br \/>\n&#8212;-<br \/>\n&#8212;&#8211;<br \/>\n&#8212;&#8211;<br \/>\n<strong>Tel;<\/strong>.<\/td>\n<\/tr>\n<tr>\n<td><\/td>\n<td style=\"vertical-align: top;\"><\/td>\n<td><\/td>\n<td><\/td>\n<\/tr>\n<tr>\n<td style=\"vertical-align: top;\"><img decoding=\"async\" style=\"width: 136px; height: 183px;\" src=\"https:\/\/www.bkvleverkusen.de\/interims\/images\/uwe20081.jpg\" alt=\"\" \/><\/td>\n<td style=\"vertical-align: top;\"><\/td>\n<td style=\"vertical-align: top;\"><\/td>\n<td style=\"vertical-align: top;\"><span style=\"font-weight: bold;\">Staffelleiter:<br \/>\n<\/span>Uwe Kirsch<span style=\"font-weight: bold;\"><br \/>\n<\/span>Birkenbergstr. 91<br \/>\nTel.: 0173 \/ 808 14 81<span style=\"font-weight: bold;\"><br \/>\n<\/span>E-Mail.:<a href=\"mailto:Staffelleiter_BKV@web.de\">Staffelleiter_BKV@web.de<\/a><span style=\"font-weight: bold;\"><br \/>\n<\/span><\/td>\n<\/tr>\n<tr>\n<td style=\"vertical-align: top;\"><\/td>\n<td style=\"vertical-align: top;\"><\/td>\n<td style=\"vertical-align: top;\"><\/td>\n<td style=\"vertical-align: top;\"><\/td>\n<\/tr>\n<tr>\n<td style=\"vertical-align: top;\"><img loading=\"lazy\" decoding=\"async\" class=\"alignnone size-full wp-image-99\" src=\"https:\/\/www.bkvleverkusen.de\/sport\/wp-content\/uploads\/he.jpg\" alt=\"he\" width=\"136\" height=\"178\" \/><\/td>\n<td style=\"vertical-align: top;\"><\/td>\n<td style=\"vertical-align: top;\"><\/td>\n<td style=\"vertical-align: top;\"><span style=\"font-weight: bold;\">Pressewart \/ Webmaster:<br \/>\n<\/span>Henry Matzerath<span style=\"font-weight: bold;\"><br \/>\n<\/span>Im Rosengarten 12A<span style=\"font-weight: bold;\"><br \/>\n<\/span>51381 Leverkusen<br \/>\nTel.: 02171 36 55 27<br \/>\nE-Mail.:<a href=\"mailto:info@netschmied.com\">info@netschmied.com<\/a><\/td>\n<\/tr>\n<tr>\n<td><\/td>\n<td style=\"vertical-align: top;\"><\/td>\n<td><\/td>\n<td><\/td>\n<\/tr>\n<tr>\n<td style=\"vertical-align: top;\">\u00a0<img loading=\"lazy\" decoding=\"async\" class=\"alignnone size-full wp-image-425\" src=\"https:\/\/www.bkvleverkusen.de\/sport\/wp-content\/uploads\/9850.jpg\" alt=\"\" width=\"200\" height=\"225\" \/><\/td>\n<td style=\"vertical-align: top;\"><\/td>\n<td style=\"vertical-align: top;\"><\/td>\n<td style=\"vertical-align: top;\"><span style=\"font-weight: bold;\">Passwesen<\/span>:<br \/>\nChristian Tschorn<br \/>\nOhmstrasse.13<br \/>\n50129 Bergheim<br \/>\n<span style=\"font-weight: bold;\">Tel.:<\/span>0152 \/ 34 10 65 44<br \/>\nE-Mail:<a href=\"Christ.tschorn(at)web.de\">Chris.tschorn(at)web.de<\/a><\/td>\n<\/tr>\n<\/tbody>\n<\/table>\n<p><span style=\"font-size: small;\"><strong>Haftungsausschluss (Disclaimer):<\/strong><\/span><\/p>\n<p>1. Inhalt des Onlineangebotes<br \/>\nDer Autor \u00fcbernimmt keinerlei Gew\u00e4hr f\u00fcr die Aktualit\u00e4t, Korrektheit, Vollst\u00e4ndigkeit oder Qualit\u00e4t der bereitgestellten Informationen. Haftungsanspr\u00fcche gegen den Autor, welche sich auf Sch\u00e4den materieller oder ideeller Art beziehen, die durch die Nutzung oder Nichtnutzung der dargebotenen Informationen bzw. durch die Nutzung fehlerhafter und unvollst\u00e4ndiger Informationen verursacht wurden, sind grunds\u00e4tzlich ausgeschlossen, sofern seitens des Autors kein nachweislich vors\u00e4tzliches oder grob fahrl\u00e4ssiges Verschulden vorliegt.<br \/>\nAlle Angebote sind freibleibend und unverbindlich. Der Autor beh\u00e4lt es sich ausdr\u00fccklich vor, Teile der Seiten oder das gesamte Angebot ohne gesonderte Ank\u00fcndigung zu ver\u00e4ndern, zu erg\u00e4nzen, zu l\u00f6schen oder die Ver\u00f6ffentlichung zeitweise oder endg\u00fcltig einzustellen.<\/p>\n<p>2. Verweise und Links<br \/>\nBei direkten oder indirekten Verweisen auf fremde Webseiten (&#8222;Hyperlinks&#8220;), die au\u00dferhalb des Verantwortungsbereiches des Autors liegen, w\u00fcrde eine Haftungsverpflichtung ausschlie\u00dflich in dem Fall in Kraft treten, in dem der Autor von den Inhalten Kenntnis hat und es ihm technisch m\u00f6glich und zumutbar w\u00e4re, die Nutzung im Falle rechtswidriger Inhalte zu verhindern.<br \/>\nDer Autor erkl\u00e4rt hiermit ausdr\u00fccklich, dass zum Zeitpunkt der Linksetzung keine illegalen Inhalte auf den zu verlinkenden Seiten erkennbar waren. Auf die aktuelle und zuk\u00fcnftige Gestaltung, die Inhalte oder die Urheberschaft der gelinkten\/verkn\u00fcpften Seiten hat der Autor keinerlei Einfluss. Deshalb distanziert er sich hiermit ausdr\u00fccklich von allen Inhalten aller gelinkten \/verkn\u00fcpften Seiten, die nach der Linksetzung ver\u00e4ndert wurden. Diese Feststellung gilt f\u00fcr alle innerhalb des eigenen Internetangebotes gesetzten Links und Verweise sowie f\u00fcr Fremdeintr\u00e4ge in vom Autor eingerichteten G\u00e4steb\u00fcchern, Diskussionsforen und Mailinglisten. F\u00fcr illegale, fehlerhafte oder unvollst\u00e4ndige Inhalte und insbesondere f\u00fcr Sch\u00e4den, die aus der Nutzung oder Nichtnutzung solcherart dargebotener Informationen entstehen, haftet allein der Anbieter der Seite, auf welche verwiesen wurde, nicht derjenige, der \u00fcber Links auf die jeweilige Ver\u00f6ffentlichung lediglich verweist.<\/p>\n<p><span style=\"font-size: small;\">3. Urheber- und Kennzeichenrecht<br \/>\nDer Autor ist bestrebt, in allen Publikationen die Urheberrechte der verwendeten Grafiken, Tondokumente, Videosequenzen und Texte zu beachten, von ihm selbst erstellte Grafiken, Tondokumente, Videosequenzen und Texte zu nutzen oder auf lizenzfreie Grafiken, Tondokumente, Videosequenzen und Texte zur\u00fcckzugreifen.<br \/>\nAlle innerhalb des Internetangebotes genannten und ggf. durch Dritte gesch\u00fctzten Marken- und Warenzeichen unterliegen uneingeschr\u00e4nkt den Bestimmungen des jeweils g\u00fcltigen Kennzeichenrechts und den Besitzrechten der jeweiligen eingetragenen Eigent\u00fcmer. Allein aufgrund der blo\u00dfen Nennung ist nicht der Schluss zu ziehen, dass Markenzeichen nicht durch Rechte Dritter gesch\u00fctzt sind!<br \/>\nDas Copyright f\u00fcr ver\u00f6ffentlichte, vom Autor selbst erstellte Objekte bleibt allein beim Autor der Seiten. Eine Vervielf\u00e4ltigung oder Verwendung solcher Grafiken, Tondokumente, Videosequenzen und Texte in anderen elektronischen oder gedruckten Publikationen ist ohne ausdr\u00fcckliche Zustimmung des Autors nicht gestattet. <\/span><\/p>\n<p><span style=\"font-size: small;\">4. Datenschutz<br \/>\nSofern innerhalb des Internetangebotes die M\u00f6glichkeit zur Eingabe pers\u00f6nlicher oder gesch\u00e4ftlicher Daten (Emailadressen, Namen, Anschriften) besteht, so erfolgt die Preisgabe dieser Daten seitens des Nutzers auf ausdr\u00fccklich freiwilliger Basis. Die Inanspruchnahme und Bezahlung aller angebotenen Dienste ist &#8211; soweit technisch m\u00f6glich und zumutbar &#8211; auch ohne Angabe solcher Daten bzw. unter Angabe anonymisierter Daten oder eines Pseudonyms gestattet. Die Nutzung der im Rahmen des Impressums oder vergleichbarer Angaben ver\u00f6ffentlichten Kontaktdaten wie Postanschriften, Telefon- und Faxnummern sowie Emailadressen durch Dritte zur \u00dcbersendung von nicht ausdr\u00fccklich angeforderten Informationen ist nicht gestattet. Rechtliche Schritte gegen die Versender von sogenannten Spam-Mails bei Verst\u00f6ssen gegen dieses Verbot sind ausdr\u00fccklich vorbehalten. <\/span><\/p>\n<p><span style=\"font-size: small;\">5. Rechtswirksamkeit dieses Haftungsausschlusses<br \/>\nDieser Haftungsausschluss ist als Teil des Internetangebotes zu betrachten, von dem aus auf diese Seite verwiesen wurde. Sofern Teile oder einzelne Formulierungen dieses Textes der geltenden Rechtslage nicht, nicht mehr oder nicht vollst\u00e4ndig entsprechen sollten, bleiben die \u00fcbrigen Teile des Dokumentes in ihrem Inhalt und ihrer G\u00fcltigkeit davon unber\u00fchrt. <\/span><\/p>\n","protected":false},"excerpt":{"rendered":"<p>Der BKV Leverkusen ist beim Amtsgericht Leverkusen eingetragen, Vereinsregister Nr.: 12 VR 1172 Kontaktdaten des Vorstand des BKV Leverkusen e.V 1.Vorsitzender des BKV Leverkusen &#8211; Berg e.V.: G\u00fcnter M\u00fcller Oberselbach 6 51429 Bergisch Gladbach Tel.:\u00a00151 \/ 42 30 1872 E-Mail:Guenter.Mueller.Oberselbach@t-online.de Gesch\u00e4ftsf\u00fchrer: &#8212;&#8212;- &#8212;&#8211; &#8212;&#8212; Tel.: Tel.: E-Mail: Kassierer: &#8212;- &#8212;&#8211; &#8212;&#8211; Tel;. Staffelleiter: Uwe Kirsch [&hellip;]<\/p>\n","protected":false},"author":1,"featured_media":0,"parent":17,"menu_order":0,"comment_status":"closed","ping_status":"closed","template":"","meta":{"footnotes":""},"class_list":["post-27","page","type-page","status-publish","hentry"],"_links":{"self":[{"href":"https:\/\/www.bkvleverkusen.de\/sport\/wp-json\/wp\/v2\/pages\/27","targetHints":{"allow":["GET"]}}],"collection":[{"href":"https:\/\/www.bkvleverkusen.de\/sport\/wp-json\/wp\/v2\/pages"}],"about":[{"href":"https:\/\/www.bkvleverkusen.de\/sport\/wp-json\/wp\/v2\/types\/page"}],"author":[{"embeddable":true,"href":"https:\/\/www.bkvleverkusen.de\/sport\/wp-json\/wp\/v2\/users\/1"}],"replies":[{"embeddable":true,"href":"https:\/\/www.bkvleverkusen.de\/sport\/wp-json\/wp\/v2\/comments?post=27"}],"version-history":[{"count":11,"href":"https:\/\/www.bkvleverkusen.de\/sport\/wp-json\/wp\/v2\/pages\/27\/revisions"}],"predecessor-version":[{"id":3323,"href":"https:\/\/www.bkvleverkusen.de\/sport\/wp-json\/wp\/v2\/pages\/27\/revisions\/3323"}],"up":[{"embeddable":true,"href":"https:\/\/www.bkvleverkusen.de\/sport\/wp-json\/wp\/v2\/pages\/17"}],"wp:attachment":[{"href":"https:\/\/www.bkvleverkusen.de\/sport\/wp-json\/wp\/v2\/media?parent=27"}],"curies":[{"name":"wp","href":"https:\/\/api.w.org\/{rel}","templated":true}]}}