{"id":1172,"date":"2018-10-05T16:30:39","date_gmt":"2018-10-05T14:30:39","guid":{"rendered":"https:\/\/www.bkvleverkusen.de\/sport\/?page_id=1172"},"modified":"2020-09-19T11:08:46","modified_gmt":"2020-09-19T09:08:46","slug":"info-staffelleiter","status":"publish","type":"page","link":"https:\/\/www.bkvleverkusen.de\/sport\/bkv-fussball-liga\/info-staffelleiter\/","title":{"rendered":"Info Staffelleiter"},"content":{"rendered":"<p>&nbsp;<\/p>\n<p><strong><span style=\"color: #ff0000;\">Im Februar findet eine Fu\u00dfball Sitzung statt f\u00fcr die neue Saison 2020<\/span><\/strong><br \/>\n<span style=\"color: #ff0000;\"><strong>Termin und Ort wird noch bekannt gegeben\u00a0<\/strong><\/span><\/p>\n<p><strong><img loading=\"lazy\" decoding=\"async\" class=\"alignnone size-full wp-image-536\" src=\"https:\/\/www.bkvleverkusen.de\/sport\/wp-content\/uploads\/6.gif\" alt=\"\" width=\"12\" height=\"16\" \/>Gelb-Rote Karte ein Spiel Sperre<\/strong><\/p>\n<p><strong><span style=\"color: #ff0000;\">ES d\u00fcrfen<\/span><\/strong> keine Spieler mehr eingesetzt werd<span style=\"font-size: 1rem;\">en <\/span><strong style=\"font-size: 1rem;\"><span style=\"color: #ff0000;\">die keinen g\u00fcltigen Spielerpass haben.<\/span> (<\/strong><span style=\"font-size: 1rem;\">Au\u00dfer Sie haben die Liste die sie den Schiedsrichter vorlegen k\u00f6nnen.<\/span><strong style=\"font-size: 1rem;\">)<\/strong><\/p>\n<p><span style=\"color: #ff0000;\"><strong>Spieler die mit Geburtsdatum eingetragen werden sind nicht spielberechtigt,<\/strong><\/span><\/p>\n<p><strong><span style=\"color: #ff0000;\">Kurze Info an alle Mannschaften der Spielplan kann <\/span><span style=\"color: #ff0000;\"><span style=\"color: #000000;\">nicht\u00a0<\/span>ge\u00e4ndert werden, wir haben einen Vertrag mit dem Sportbund.\u00a0<\/span><\/strong><\/p>\n<p><strong><span style=\"color: #ff0000;\">Kurze Info an alle Mannschaften wenn der Spielplan geschrieben ist wird er <\/span><span style=\"color: #ff0000;\"><span style=\"color: #0000ff;\">auch nicht mehr ge\u00e4ndert.<\/span><span style=\"color: #000000;\"> ( Au\u00dfer es finden Nachholspiele auf dem Platz statt.)<\/span><\/span><\/strong><\/p>\n<p><span style=\"color: #ff0000;\"><strong>Sollte eine Mannschaft das Spielfeld einfach verlassen wird das Spiel als verloren gewertet mit\u00a0 0:5 Tore und 0:3 Punkten.<\/strong><\/span><\/p>\n<p><strong>Die Meisterschale und der<\/strong>\u00a0<strong>Wanderpokal muss am Anfang der Saison zur\u00fcckgeben werden.<\/strong><br \/>\n<strong>Der Pokal ist ein Wanderpokal muss jedes Jahr verteidigt werden\u00a0<\/strong><br \/>\n<strong>Die Meisterschale muss jedes Jahr verteidigt werden.<\/strong><\/p>\n<p><strong>Leverkusen den,.14.11.2018<\/strong><br \/>\n<strong>Ab 2019 neue Regen in der BKV Leverkusen Berg sagt eine Mannschaft ein Spiel ab<\/strong><br \/>\n<strong>wird das Spiel mit\u00a0 0:5 Tore und 0:3 Punkten gewertet.<\/strong><\/p>\n<p><span style=\"color: #ff0000;\"><strong>Sollten im November oder Dezember die Pl\u00e4tze wegen Frost gesperrt werden , werden alle Spiele 0:0 gewertet.<\/strong><\/span><\/p>\n<p><strong>Der Spielbericht muss bis Mittwoch an folgende Adresse geschickt werden Uwe Kirsch 51379 Leverkusen Birkenbergstr.91<\/strong><br \/>\n<strong><span class=\"auto-style69\"><span class=\"auto-style79\">Ergebnisse bis\u00a0<span class=\"auto-style92\">22.30\u00a0<\/span>Uhr bitte per\u00a0<\/span><span class=\"auto-style75\">WhatsApp mitteilen<\/span><\/span><span class=\"auto-style75\"><span class=\"auto-style69\">\u00a0(0173 \/ 80 81 481)\u00a0<\/span><\/span>\u00a0<\/strong><\/p>\n<p><strong>(PS,. Keinen Spielbericht keine Spielwertung.)<\/strong><\/p>\n<p>Der Spielbericht muss\u00a0<span class=\"style320\"><strong>deutlich lesbar<\/strong><\/span>\u00a0ausgef\u00fcllt werden .<strong>Sollte dieser unlesbar ausgef\u00fcllt sein droht ein Ordnungsgeld von 10.Euro im Wiederholungsfall 20,Euro<\/strong><\/p>\n<p>Der Spielbericht\u00a0<strong>muss<\/strong>\u00a0von der Heimmannschaft ausgef\u00fcllt werden ob das Spiel stattfindet oder nicht. sonst kein Versicherungsschutz im\u00a0<strong>Wiederholungsfall Punkt Abzug<\/strong><\/p>\n<p><strong>&#8212;&#8212;&#8212;&#8212;&#8212;&#8212;&#8212;&#8212;&#8212;&#8212;&#8212;&#8212;&#8212;&#8212;&#8212;&#8212;&#8212;&#8212;&#8212;&#8212;&#8212;&#8212;&#8212;&#8212;&#8212;&#8212;&#8212;&#8212;&#8212;&#8212;&#8212;&#8212;&#8212;&#8212;&#8212;&#8212;&#8212;&#8212;&#8212;&#8212;&#8212;&#8212;&#8212;&#8212;<\/strong><\/p>\n<p style=\"text-align: center;\"><a title=\"Besucherzaehler\" href=\"https:\/\/www.andyhoppe.com\/\"><img decoding=\"async\" style=\"border: none;\" src=\"\/\/c.andyhoppe.com\/1538762953\" alt=\"Besucherzaehler\" \/><\/a><\/p>\n<p class=\"style3\" style=\"text-align: center;\"><i><b><i><b><span style=\"color: #ffffff;\"><span style=\"color: #0099cc;\"><span style=\"color: #ffffff;\"><span style=\"color: #0099cc;\"><i><b><i><b><span style=\"color: #ffffff;\"><span style=\"color: #0099cc;\"><span style=\"color: #ffffff;\"><span style=\"color: #0099cc;\"><i><b><i><b><span style=\"color: #ffffff;\"><span style=\"color: #0099cc;\"><span style=\"color: #ffffff;\"><span style=\"color: #0099cc;\"><i><b><i><b><span style=\"color: #ffffff;\"><span style=\"color: #0099cc;\"><span style=\"color: #ffffff;\"><span style=\"color: #0099cc;\"><i><b><i><b><span style=\"color: #ffffff;\"><span style=\"color: #0099cc;\"><span style=\"color: #ffffff;\"><span style=\"color: #0099cc;\"><i><b><i><b><span style=\"color: #ffffff;\"><span style=\"color: #0099cc;\"><span style=\"color: #ffffff;\"><span style=\"color: #0099cc;\"><i><b><i><b><span style=\"color: #ffffff;\"><span style=\"color: #0099cc;\"><span style=\"color: #ffffff;\"><span style=\"color: #0099cc;\"><span style=\"color: #000000;\"><i><b><span style=\"color: #000000;\"><span style=\"color: #000000;\"><i><b><span style=\"color: #ffffff;\"><span style=\"color: #000000; font-size: small;\">&lt;<a href=\"#top\" target=\"_self\" rel=\"noopener noreferrer\"><span class=\"style15\"> nach oben &gt;<\/span><\/a><\/span><\/span><\/b><\/i><\/span><\/span><\/b><\/i><\/span><\/span><\/span><\/span><\/span><\/b><\/i><\/b><\/i> <\/span><\/span><\/span><\/span><\/b><\/i><\/b><\/i> <\/span><\/span><\/span><\/span><\/b><\/i><\/b><\/i><\/span><\/span><\/span><\/span><\/b><\/i><\/b><\/i> <\/span><\/span><\/span><\/span><\/b><\/i><\/b><\/i> <\/span><\/span><\/span><\/span><\/b><\/i><\/b><\/i> <\/span><\/span><\/span><\/span><\/b><\/i><\/b><\/i><\/p>\n","protected":false},"excerpt":{"rendered":"<p>&nbsp; Im Februar findet eine Fu\u00dfball Sitzung statt f\u00fcr die neue Saison 2020 Termin und Ort wird noch bekannt gegeben\u00a0 Gelb-Rote Karte ein Spiel Sperre ES d\u00fcrfen keine Spieler mehr eingesetzt werden die keinen g\u00fcltigen Spielerpass haben. (Au\u00dfer Sie haben die Liste die sie den Schiedsrichter vorlegen k\u00f6nnen.) Spieler die mit Geburtsdatum eingetragen werden sind [&hellip;]<\/p>\n","protected":false},"author":3,"featured_media":0,"parent":13,"menu_order":0,"comment_status":"closed","ping_status":"closed","template":"","meta":{"footnotes":""},"class_list":["post-1172","page","type-page","status-publish","hentry"],"_links":{"self":[{"href":"https:\/\/www.bkvleverkusen.de\/sport\/wp-json\/wp\/v2\/pages\/1172","targetHints":{"allow":["GET"]}}],"collection":[{"href":"https:\/\/www.bkvleverkusen.de\/sport\/wp-json\/wp\/v2\/pages"}],"about":[{"href":"https:\/\/www.bkvleverkusen.de\/sport\/wp-json\/wp\/v2\/types\/page"}],"author":[{"embeddable":true,"href":"https:\/\/www.bkvleverkusen.de\/sport\/wp-json\/wp\/v2\/users\/3"}],"replies":[{"embeddable":true,"href":"https:\/\/www.bkvleverkusen.de\/sport\/wp-json\/wp\/v2\/comments?post=1172"}],"version-history":[{"count":45,"href":"https:\/\/www.bkvleverkusen.de\/sport\/wp-json\/wp\/v2\/pages\/1172\/revisions"}],"predecessor-version":[{"id":2848,"href":"https:\/\/www.bkvleverkusen.de\/sport\/wp-json\/wp\/v2\/pages\/1172\/revisions\/2848"}],"up":[{"embeddable":true,"href":"https:\/\/www.bkvleverkusen.de\/sport\/wp-json\/wp\/v2\/pages\/13"}],"wp:attachment":[{"href":"https:\/\/www.bkvleverkusen.de\/sport\/wp-json\/wp\/v2\/media?parent=1172"}],"curies":[{"name":"wp","href":"https:\/\/api.w.org\/{rel}","templated":true}]}}